{"id":42,"date":"2012-07-06T20:42:19","date_gmt":"2012-07-06T18:42:19","guid":{"rendered":"http:\/\/www.lagrangebio.fr\/wp\/?page_id=42"},"modified":"2026-04-30T17:36:13","modified_gmt":"2026-04-30T15:36:13","slug":"accueil","status":"publish","type":"page","link":"https:\/\/www.lagrangebio.fr\/wp\/","title":{"rendered":"Accueil"},"content":{"rendered":"<h1><strong><span style=\"color: #ff0000;\">INFO FERIES<\/span><\/strong><\/h1>\n<h3>La Grange Bio sera ferm\u00e9e le vendredi 1er mai 2026.<\/h3>\n<h3>Le magasin sera ouvert le vendredi 8 mai de 9H \u00e0 13H<\/h3>\n<h3>La Grange Bio sera ouverte les samedis 2 et 9 mai de 9H \u00e0 19H<\/h3>\n<p>&nbsp;<\/p>\n<p>&nbsp;<\/p>\n<p><strong>INFOS MAGASIN&nbsp;<\/strong><\/p>\n<p><strong>Adresse : 642 Chemin du Bouillidou <\/strong><strong>83340 Le Cannet des Maures.<\/strong><\/p>\n<h2 style=\"text-align: left;\"><span style=\"color: #0000ff;\"><strong>04 94 73 67 12<\/strong><\/span><\/h2>\n<p><strong>Nos horaires d&rsquo;ouverture :<\/strong><\/p>\n<p><strong>Du lundi au Jeudi 9H-13H &amp; 14H30-19H<\/strong><\/p>\n<p><strong>Vendredi &amp; Samedi 9H-19H<\/strong><\/p>\n<p><strong>A tr\u00e8s bient\u00f4t<\/strong><\/p>\n<p>&nbsp;<\/p>\n<p>&nbsp;<\/p>\n<p>Au c\u0153ur du centre Var, sur la Commune du Cannet des Maures, la grange Bio a ouvert ses portes en juillet 2011.<br>N\u00e9 de la volont\u00e9 d\u2019une amiti\u00e9 et d\u2019un village r\u00e9solument tourn\u00e9 vers l\u2019avenir et l\u2019environnement, La Grange bio n\u2019est pas seulement un magasin, mais aussi un lieu de rencontre et d\u2019\u00e9changes.<\/p>\n<p>L\u2019accent a \u00e9t\u00e9 mis sur les produits locaux tels que farine, l\u00e9gumineuses, tisanes, miels, gel\u00e9e royale, pollen, fruits, l\u00e9gumes, pains, fromages, \u0153ufs, jus, vins, pastis \u2026 et m\u00eame une bi\u00e8re locale <a title=\"Pour en savoir plus\u2026\" href=\"http:\/\/www.lagrangebio.fr\/wp\/?page_id=45\">(voir page liens<\/a>) !!!<br>Vous y trouverez une grande vari\u00e9t\u00e9 de produits en vrac, qui sont \u00e0 la fois \u00e9cologique (pas d\u2019emballage plastique), mais aussi \u00e9conomique (prix farine) et vous permettent de choisir la quantit\u00e9 d\u00e9sir\u00e9e.<\/p>\n<p>Les produits non alimentaires ne sont pas en reste non plus. Vous aurez le choix dans une grande vari\u00e9t\u00e9 de shampoing, gel douche, maquillage pour le soin du corps, mais aussi une large gamme pour l\u2019entretien de la maison et du textile. Les produits locaux sont l\u00e0 encore \u00e0 l\u2019honneur avec un Savon noir de Marseille et des cosm\u00e9tiques provenant du d\u00e9partement du Var.<br>Du c\u00f4t\u00e9 des compl\u00e9ments alimentaires, vous aurez acc\u00e8s \u00e0 une large gamme de produits.&nbsp;<br>A tr\u00e8s bient\u00f4t<br>Eric et Marie<\/p>\n<p>Moyens de paiement : esp\u00e8ce, cheques, CB, tickets restaurants, ch\u00e8ques d\u00e9jeun\u00e9s<\/p>\n\n\n\n\n<p><\/p>\n","protected":false},"excerpt":{"rendered":"<p>INFO FERIES La Grange Bio sera ferm\u00e9e le vendredi 1er mai 2026. Le magasin sera ouvert le vendredi 8 mai de 9H \u00e0 13H La Grange Bio sera ouverte les samedis 2 et 9 mai de 9H \u00e0 19H &nbsp; &nbsp; INFOS MAGASIN&nbsp; Adresse : 642 Chemin du Bouillidou 83340 Le Cannet des Maures. 04 [&hellip;]<\/p>\n","protected":false},"author":1,"featured_media":0,"parent":0,"menu_order":0,"comment_status":"closed","ping_status":"closed","template":"","meta":{"ngg_post_thumbnail":0},"_links":{"self":[{"href":"https:\/\/www.lagrangebio.fr\/wp\/index.php?rest_route=\/wp\/v2\/pages\/42"}],"collection":[{"href":"https:\/\/www.lagrangebio.fr\/wp\/index.php?rest_route=\/wp\/v2\/pages"}],"about":[{"href":"https:\/\/www.lagrangebio.fr\/wp\/index.php?rest_route=\/wp\/v2\/types\/page"}],"author":[{"embeddable":true,"href":"https:\/\/www.lagrangebio.fr\/wp\/index.php?rest_route=\/wp\/v2\/users\/1"}],"replies":[{"embeddable":true,"href":"https:\/\/www.lagrangebio.fr\/wp\/index.php?rest_route=%2Fwp%2Fv2%2Fcomments&post=42"}],"version-history":[{"count":73,"href":"https:\/\/www.lagrangebio.fr\/wp\/index.php?rest_route=\/wp\/v2\/pages\/42\/revisions"}],"predecessor-version":[{"id":286,"href":"https:\/\/www.lagrangebio.fr\/wp\/index.php?rest_route=\/wp\/v2\/pages\/42\/revisions\/286"}],"wp:attachment":[{"href":"https:\/\/www.lagrangebio.fr\/wp\/index.php?rest_route=%2Fwp%2Fv2%2Fmedia&parent=42"}],"curies":[{"name":"wp","href":"https:\/\/api.w.org\/{rel}","templated":true}]}}